{"id":152,"date":"2024-11-17T17:29:16","date_gmt":"2024-11-17T17:29:16","guid":{"rendered":"https:\/\/milike.uy\/?post_type=product&#038;p=152"},"modified":"2026-02-01T00:24:30","modified_gmt":"2026-02-01T00:24:30","slug":"tabla-twist-19-o-38-piezas","status":"publish","type":"product","link":"https:\/\/milike.uy\/index.php\/producto\/tabla-twist-19-o-38-piezas\/","title":{"rendered":"Tabla Twist 20 o 40 piezas"},"content":{"rendered":"<p>Mitad de rolls con salmon ahumado y mitad de rolls con salmon fresco palta y phila. Tu eliges que mitad quieres hot.<br \/>\n<strong>19 piezas<\/strong><br \/>\n10 Rolls (Hot Roll) FUNSEN y 9 Rolls NY (Fr\u00edos) \u00f3 9 Rolls FUNSEN (Fr\u00edos) y 10 Rolls (Hot Roll) NY,<\/p>\n<p><strong>38 piezas<\/strong><br \/>\n20 Rolls (Hot Roll) FUNSEN y 18 Rolls NY (Fr\u00edos) \u00f3 18 Rolls FUNSEN (Fr\u00edos) y 20 Rolls (Hot Roll) NY<br \/>\nEn 38 piezas se puede combinar:<br \/>\n9 FUNSEN Fr\u00edos y 10 FUNSEN Hot Rolls y 9 NY Fr\u00edos y 10 NY Hot Rolls<\/p>\n","protected":false},"excerpt":{"rendered":"<p>Mitad de rolls con salmon ahumado y mitad de rolls con salmon fresco palta y phila. Tu eliges que mitad quieres hot.<\/p>\n","protected":false},"featured_media":161,"template":"","meta":{"_et_pb_use_builder":"","_et_pb_old_content":"","_et_gb_content_width":"","_joinchat":[]},"product_brand":[],"product_cat":[27,21],"product_tag":[],"class_list":{"0":"post-152","1":"product","2":"type-product","3":"status-publish","4":"has-post-thumbnail","6":"product_cat-tablas-sushi","7":"product_cat-todo-el-menu","9":"first","10":"instock","11":"taxable","12":"shipping-taxable","13":"purchasable","14":"product-type-variable"},"yoast_head":"<!-- This site is optimized with the Yoast SEO plugin v27.1.1 - https:\/\/yoast.com\/product\/yoast-seo-wordpress\/ -->\n<title>Tabla Twist 20 o 40 piezas - Mi LIKE<\/title>\n<meta name=\"robots\" content=\"index, follow, max-snippet:-1, max-image-preview:large, max-video-preview:-1\" \/>\n<link rel=\"canonical\" href=\"https:\/\/milike.uy\/index.php\/producto\/tabla-twist-19-o-38-piezas\/\" \/>\n<meta property=\"og:locale\" content=\"es_ES\" \/>\n<meta property=\"og:type\" content=\"article\" \/>\n<meta property=\"og:title\" content=\"Tabla Twist 20 o 40 piezas - Mi LIKE\" \/>\n<meta property=\"og:description\" content=\"Mitad de rolls con salmon ahumado y mitad de rolls con salmon fresco palta y phila. Tu eliges que mitad quieres hot.\" \/>\n<meta property=\"og:url\" content=\"https:\/\/milike.uy\/index.php\/producto\/tabla-twist-19-o-38-piezas\/\" \/>\n<meta property=\"og:site_name\" content=\"Mi LIKE\" \/>\n<meta property=\"article:modified_time\" content=\"2026-02-01T00:24:30+00:00\" \/>\n<meta property=\"og:image\" content=\"https:\/\/milike.uy\/wp-content\/uploads\/2024\/11\/twist36pzas.jpg\" \/>\n\t<meta property=\"og:image:width\" content=\"800\" \/>\n\t<meta property=\"og:image:height\" content=\"800\" \/>\n\t<meta property=\"og:image:type\" content=\"image\/jpeg\" \/>\n<meta name=\"twitter:card\" content=\"summary_large_image\" \/>\n<meta name=\"twitter:label1\" content=\"Tiempo de lectura\" \/>\n\t<meta name=\"twitter:data1\" content=\"1 minuto\" \/>\n<script type=\"application\/ld+json\" class=\"yoast-schema-graph\">{\"@context\":\"https:\/\/schema.org\",\"@graph\":[{\"@type\":\"WebPage\",\"@id\":\"https:\/\/milike.uy\/index.php\/producto\/tabla-twist-19-o-38-piezas\/\",\"url\":\"https:\/\/milike.uy\/index.php\/producto\/tabla-twist-19-o-38-piezas\/\",\"name\":\"Tabla Twist 20 o 40 piezas - Mi LIKE\",\"isPartOf\":{\"@id\":\"https:\/\/milike.uy\/#website\"},\"primaryImageOfPage\":{\"@id\":\"https:\/\/milike.uy\/index.php\/producto\/tabla-twist-19-o-38-piezas\/#primaryimage\"},\"image\":{\"@id\":\"https:\/\/milike.uy\/index.php\/producto\/tabla-twist-19-o-38-piezas\/#primaryimage\"},\"thumbnailUrl\":\"https:\/\/milike.uy\/wp-content\/uploads\/2024\/11\/twist36pzas.jpg\",\"datePublished\":\"2024-11-17T17:29:16+00:00\",\"dateModified\":\"2026-02-01T00:24:30+00:00\",\"breadcrumb\":{\"@id\":\"https:\/\/milike.uy\/index.php\/producto\/tabla-twist-19-o-38-piezas\/#breadcrumb\"},\"inLanguage\":\"es\",\"potentialAction\":[{\"@type\":\"ReadAction\",\"target\":[\"https:\/\/milike.uy\/index.php\/producto\/tabla-twist-19-o-38-piezas\/\"]}]},{\"@type\":\"ImageObject\",\"inLanguage\":\"es\",\"@id\":\"https:\/\/milike.uy\/index.php\/producto\/tabla-twist-19-o-38-piezas\/#primaryimage\",\"url\":\"https:\/\/milike.uy\/wp-content\/uploads\/2024\/11\/twist36pzas.jpg\",\"contentUrl\":\"https:\/\/milike.uy\/wp-content\/uploads\/2024\/11\/twist36pzas.jpg\",\"width\":800,\"height\":800},{\"@type\":\"BreadcrumbList\",\"@id\":\"https:\/\/milike.uy\/index.php\/producto\/tabla-twist-19-o-38-piezas\/#breadcrumb\",\"itemListElement\":[{\"@type\":\"ListItem\",\"position\":1,\"name\":\"Portada\",\"item\":\"https:\/\/milike.uy\/\"},{\"@type\":\"ListItem\",\"position\":2,\"name\":\"Tienda\",\"item\":\"https:\/\/milike.uy\/index.php\/tienda\/\"},{\"@type\":\"ListItem\",\"position\":3,\"name\":\"Tabla Twist 20 o 40 piezas\"}]},{\"@type\":\"WebSite\",\"@id\":\"https:\/\/milike.uy\/#website\",\"url\":\"https:\/\/milike.uy\/\",\"name\":\"Mi LIKE\",\"description\":\"\",\"potentialAction\":[{\"@type\":\"SearchAction\",\"target\":{\"@type\":\"EntryPoint\",\"urlTemplate\":\"https:\/\/milike.uy\/?s={search_term_string}\"},\"query-input\":{\"@type\":\"PropertyValueSpecification\",\"valueRequired\":true,\"valueName\":\"search_term_string\"}}],\"inLanguage\":\"es\"}]}<\/script>\n<!-- \/ Yoast SEO plugin. -->","yoast_head_json":{"title":"Tabla Twist 20 o 40 piezas - Mi LIKE","robots":{"index":"index","follow":"follow","max-snippet":"max-snippet:-1","max-image-preview":"max-image-preview:large","max-video-preview":"max-video-preview:-1"},"canonical":"https:\/\/milike.uy\/index.php\/producto\/tabla-twist-19-o-38-piezas\/","og_locale":"es_ES","og_type":"article","og_title":"Tabla Twist 20 o 40 piezas - Mi LIKE","og_description":"Mitad de rolls con salmon ahumado y mitad de rolls con salmon fresco palta y phila. Tu eliges que mitad quieres hot.","og_url":"https:\/\/milike.uy\/index.php\/producto\/tabla-twist-19-o-38-piezas\/","og_site_name":"Mi LIKE","article_modified_time":"2026-02-01T00:24:30+00:00","og_image":[{"width":800,"height":800,"url":"https:\/\/milike.uy\/wp-content\/uploads\/2024\/11\/twist36pzas.jpg","type":"image\/jpeg"}],"twitter_card":"summary_large_image","twitter_misc":{"Tiempo de lectura":"1 minuto"},"schema":{"@context":"https:\/\/schema.org","@graph":[{"@type":"WebPage","@id":"https:\/\/milike.uy\/index.php\/producto\/tabla-twist-19-o-38-piezas\/","url":"https:\/\/milike.uy\/index.php\/producto\/tabla-twist-19-o-38-piezas\/","name":"Tabla Twist 20 o 40 piezas - Mi LIKE","isPartOf":{"@id":"https:\/\/milike.uy\/#website"},"primaryImageOfPage":{"@id":"https:\/\/milike.uy\/index.php\/producto\/tabla-twist-19-o-38-piezas\/#primaryimage"},"image":{"@id":"https:\/\/milike.uy\/index.php\/producto\/tabla-twist-19-o-38-piezas\/#primaryimage"},"thumbnailUrl":"https:\/\/milike.uy\/wp-content\/uploads\/2024\/11\/twist36pzas.jpg","datePublished":"2024-11-17T17:29:16+00:00","dateModified":"2026-02-01T00:24:30+00:00","breadcrumb":{"@id":"https:\/\/milike.uy\/index.php\/producto\/tabla-twist-19-o-38-piezas\/#breadcrumb"},"inLanguage":"es","potentialAction":[{"@type":"ReadAction","target":["https:\/\/milike.uy\/index.php\/producto\/tabla-twist-19-o-38-piezas\/"]}]},{"@type":"ImageObject","inLanguage":"es","@id":"https:\/\/milike.uy\/index.php\/producto\/tabla-twist-19-o-38-piezas\/#primaryimage","url":"https:\/\/milike.uy\/wp-content\/uploads\/2024\/11\/twist36pzas.jpg","contentUrl":"https:\/\/milike.uy\/wp-content\/uploads\/2024\/11\/twist36pzas.jpg","width":800,"height":800},{"@type":"BreadcrumbList","@id":"https:\/\/milike.uy\/index.php\/producto\/tabla-twist-19-o-38-piezas\/#breadcrumb","itemListElement":[{"@type":"ListItem","position":1,"name":"Portada","item":"https:\/\/milike.uy\/"},{"@type":"ListItem","position":2,"name":"Tienda","item":"https:\/\/milike.uy\/index.php\/tienda\/"},{"@type":"ListItem","position":3,"name":"Tabla Twist 20 o 40 piezas"}]},{"@type":"WebSite","@id":"https:\/\/milike.uy\/#website","url":"https:\/\/milike.uy\/","name":"Mi LIKE","description":"","potentialAction":[{"@type":"SearchAction","target":{"@type":"EntryPoint","urlTemplate":"https:\/\/milike.uy\/?s={search_term_string}"},"query-input":{"@type":"PropertyValueSpecification","valueRequired":true,"valueName":"search_term_string"}}],"inLanguage":"es"}]}},"_links":{"self":[{"href":"https:\/\/milike.uy\/index.php\/wp-json\/wp\/v2\/product\/152","targetHints":{"allow":["GET"]}}],"collection":[{"href":"https:\/\/milike.uy\/index.php\/wp-json\/wp\/v2\/product"}],"about":[{"href":"https:\/\/milike.uy\/index.php\/wp-json\/wp\/v2\/types\/product"}],"wp:featuredmedia":[{"embeddable":true,"href":"https:\/\/milike.uy\/index.php\/wp-json\/wp\/v2\/media\/161"}],"wp:attachment":[{"href":"https:\/\/milike.uy\/index.php\/wp-json\/wp\/v2\/media?parent=152"}],"wp:term":[{"taxonomy":"product_brand","embeddable":true,"href":"https:\/\/milike.uy\/index.php\/wp-json\/wp\/v2\/product_brand?post=152"},{"taxonomy":"product_cat","embeddable":true,"href":"https:\/\/milike.uy\/index.php\/wp-json\/wp\/v2\/product_cat?post=152"},{"taxonomy":"product_tag","embeddable":true,"href":"https:\/\/milike.uy\/index.php\/wp-json\/wp\/v2\/product_tag?post=152"}],"curies":[{"name":"wp","href":"https:\/\/api.w.org\/{rel}","templated":true}]}}