{"id":202,"date":"2024-11-17T22:25:31","date_gmt":"2024-11-17T22:25:31","guid":{"rendered":"https:\/\/milike.uy\/?page_id=202"},"modified":"2025-07-19T22:30:18","modified_gmt":"2025-07-19T22:30:18","slug":"home","status":"publish","type":"page","link":"https:\/\/milike.uy\/","title":{"rendered":"HOME"},"content":{"rendered":"<p>[et_pb_section fb_built=\u00bb1&#8243; _builder_version=\u00bb4.27.3&#8243; _module_preset=\u00bbdefault\u00bb background_color=\u00bb#f2da00&#8243; custom_padding=\u00bb3px||2px|||\u00bb global_colors_info=\u00bb{}\u00bb][et_pb_row _builder_version=\u00bb4.27.3&#8243; _module_preset=\u00bbdefault\u00bb custom_padding=\u00bb14px||19px|||\u00bb global_colors_info=\u00bb{}\u00bb][et_pb_column type=\u00bb4_4&#8243; _builder_version=\u00bb4.27.3&#8243; _module_preset=\u00bbdefault\u00bb global_colors_info=\u00bb{}\u00bb][et_pb_text _builder_version=\u00bb4.27.3&#8243; _module_preset=\u00bbdefault\u00bb text_font=\u00bbRaleway|600||on|||||\u00bb text_text_color=\u00bb#000000&#8243; text_font_size=\u00bb21px\u00bb text_orientation=\u00bbcenter\u00bb global_colors_info=\u00bb{}\u00bb]<\/p>\n<p style=\"text-align: center;\"><span style=\"color: #000000;\">PAGAS CON EL M\u00c9TODO DE PAGO DE TU PREFERENCIA, RECIBIS EN CASA. <a href=\"https:\/\/www.google.com\/maps\/d\/u\/0\/edit?mid=1PVtXiWpdwmFk_07ZrUErdcsNmDYBHYQ&amp;ll=-34.927096604840926%2C-54.93346445&amp;z=12\" target=\"_blank\" rel=\"noopener\">VER ZONAS DE ENV\u00cdO.<\/a><\/span><\/p>\n<p>[\/et_pb_text][\/et_pb_column][\/et_pb_row][\/et_pb_section][et_pb_section fb_built=\u00bb1&#8243; fullwidth=\u00bbon\u00bb disabled_on=\u00bbon|off|off\u00bb _builder_version=\u00bb4.27.3&#8243; max_height=\u00bb542px\u00bb custom_margin=\u00bb-7px|||||\u00bb custom_padding=\u00bb0px||||false|false\u00bb global_colors_info=\u00bb{}\u00bb][et_pb_fullwidth_slider admin_label=\u00bbbanner web\u00bb _builder_version=\u00bb4.27.4&#8243; background_image=\u00bbhttps:\/\/sushigopunta.com.uy\/wp-content\/uploads\/2022\/05\/bannerITAUhome2.jpg\u00bb content_width=\u00bb100%\u00bb custom_margin=\u00bb0px||||false|false\u00bb custom_padding=\u00bb0px||372px||false|false\u00bb auto=\u00bbon\u00bb auto_speed=\u00bb9000&#8243; auto_ignore_hover=\u00bbon\u00bb global_colors_info=\u00bb{}\u00bb][et_pb_slide admin_title=\u00bbITAU\u00bb _builder_version=\u00bb4.27.4&#8243; background_enable_color=\u00bboff\u00bb background_image=\u00bbhttps:\/\/milike.uy\/wp-content\/uploads\/2025\/06\/mlh-scaled.jpg\u00bb background_enable_image=\u00bbon\u00bb global_colors_info=\u00bb{}\u00bb sticky_transition=\u00bbon\u00bb][\/et_pb_slide][\/et_pb_fullwidth_slider][\/et_pb_section][et_pb_section fb_built=\u00bb1&#8243; fullwidth=\u00bbon\u00bb disabled_on=\u00bboff|off|off\u00bb _builder_version=\u00bb4.27.3&#8243; max_height=\u00bb900px\u00bb custom_padding=\u00bb0px||||false|false\u00bb collapsed=\u00bboff\u00bb global_colors_info=\u00bb{}\u00bb][et_pb_fullwidth_slider disabled_on=\u00bboff|on|on\u00bb admin_label=\u00bbITAU\u00bb _builder_version=\u00bb4.27.4&#8243; background_image=\u00bbhttps:\/\/milike.uy\/wp-content\/uploads\/2024\/11\/ita3.jpg\u00bb custom_margin=\u00bb0px||||false|false\u00bb custom_padding=\u00bb0px|6px|639px|2px|false|false\u00bb auto=\u00bbon\u00bb auto_speed=\u00bb8000&#8243; link_option_url_new_window=\u00bbon\u00bb global_colors_info=\u00bb{}\u00bb][et_pb_slide admin_title=\u00bbtodos\u00bb _builder_version=\u00bb4.27.4&#8243; background_image=\u00bbhttps:\/\/milike.uy\/wp-content\/uploads\/2025\/06\/mlm.jpg\u00bb background_enable_image=\u00bbon\u00bb global_colors_info=\u00bb{}\u00bb sticky_transition=\u00bbon\u00bb][\/et_pb_slide][\/et_pb_fullwidth_slider][\/et_pb_section][et_pb_section fb_built=\u00bb1&#8243; _builder_version=\u00bb4.27.4&#8243; _module_preset=\u00bbdefault\u00bb background_color=\u00bb#f97400&#8243; custom_padding=\u00bb3px||2px|||\u00bb hover_enabled=\u00bb0&#8243; global_colors_info=\u00bb{}\u00bb sticky_enabled=\u00bb0&#8243;][et_pb_row _builder_version=\u00bb4.27.3&#8243; _module_preset=\u00bbdefault\u00bb custom_padding=\u00bb14px||19px|||\u00bb global_colors_info=\u00bb{}\u00bb][et_pb_column type=\u00bb4_4&#8243; _builder_version=\u00bb4.27.3&#8243; _module_preset=\u00bbdefault\u00bb global_colors_info=\u00bb{}\u00bb][et_pb_text _builder_version=\u00bb4.27.4&#8243; _module_preset=\u00bbdefault\u00bb text_font=\u00bbRaleway|600||on|||||\u00bb text_text_color=\u00bb#000000&#8243; text_font_size=\u00bb21px\u00bb text_orientation=\u00bbcenter\u00bb hover_enabled=\u00bb0&#8243; global_colors_info=\u00bb{}\u00bb sticky_enabled=\u00bb0&#8243;]<\/p>\n<p><span style=\"color: #ffffff;\">Ita\u00fa descuentos al finalizar el carrito.<\/span><\/p>\n<p>[\/et_pb_text][\/et_pb_column][\/et_pb_row][\/et_pb_section][et_pb_section fb_built=\u00bb1&#8243; _builder_version=\u00bb4.27.3&#8243; _module_preset=\u00bbdefault\u00bb global_colors_info=\u00bb{}\u00bb][et_pb_row _builder_version=\u00bb4.27.3&#8243; _module_preset=\u00bbdefault\u00bb custom_margin=\u00bb-15px|auto||auto||\u00bb global_colors_info=\u00bb{}\u00bb][et_pb_column type=\u00bb4_4&#8243; _builder_version=\u00bb4.27.3&#8243; _module_preset=\u00bbdefault\u00bb global_colors_info=\u00bb{}\u00bb][et_pb_shop type=\u00bbfeatured\u00bb posts_number=\u00bb16&#8243; columns_number=\u00bb4&#8243; _builder_version=\u00bb4.27.3&#8243; _module_preset=\u00bbdefault\u00bb title_font_size=\u00bb16px\u00bb price_font=\u00bb|600|||||||\u00bb price_text_color=\u00bb#E02B20&#8243; price_font_size=\u00bb20px\u00bb global_colors_info=\u00bb{}\u00bb][\/et_pb_shop][\/et_pb_column][\/et_pb_row][\/et_pb_section]<\/p>\n","protected":false},"excerpt":{"rendered":"<p>PAGAS CON EL M\u00c9TODO DE PAGO DE TU PREFERENCIA, RECIBIS EN CASA. VER ZONAS DE ENV\u00cdO.Ita\u00fa descuentos al finalizar el carrito.<\/p>\n","protected":false},"author":1,"featured_media":0,"parent":0,"menu_order":0,"comment_status":"closed","ping_status":"closed","template":"","meta":{"_et_pb_use_builder":"on","_et_pb_old_content":"","_et_gb_content_width":"","_joinchat":[],"footnotes":""},"class_list":["post-202","page","type-page","status-publish","hentry"],"yoast_head":"<!-- This site is optimized with the Yoast SEO plugin v27.1.1 - https:\/\/yoast.com\/product\/yoast-seo-wordpress\/ -->\n<title>HOME - Mi LIKE<\/title>\n<meta name=\"robots\" content=\"index, follow, max-snippet:-1, max-image-preview:large, max-video-preview:-1\" \/>\n<link rel=\"canonical\" href=\"https:\/\/milike.uy\/\" \/>\n<meta property=\"og:locale\" content=\"es_ES\" \/>\n<meta property=\"og:type\" content=\"article\" \/>\n<meta property=\"og:title\" content=\"HOME - Mi LIKE\" \/>\n<meta property=\"og:description\" content=\"PAGAS CON EL M\u00c9TODO DE PAGO DE TU PREFERENCIA, RECIBIS EN CASA. VER ZONAS DE ENV\u00cdO.Ita\u00fa descuentos al finalizar el carrito.\" \/>\n<meta property=\"og:url\" content=\"https:\/\/milike.uy\/\" \/>\n<meta property=\"og:site_name\" content=\"Mi LIKE\" \/>\n<meta property=\"article:modified_time\" content=\"2025-07-19T22:30:18+00:00\" \/>\n<meta name=\"twitter:card\" content=\"summary_large_image\" \/>\n<meta name=\"twitter:label1\" content=\"Tiempo de lectura\" \/>\n\t<meta name=\"twitter:data1\" content=\"1 minuto\" \/>\n<script type=\"application\/ld+json\" class=\"yoast-schema-graph\">{\"@context\":\"https:\/\/schema.org\",\"@graph\":[{\"@type\":\"WebPage\",\"@id\":\"https:\/\/milike.uy\/\",\"url\":\"https:\/\/milike.uy\/\",\"name\":\"HOME - Mi LIKE\",\"isPartOf\":{\"@id\":\"https:\/\/milike.uy\/#website\"},\"datePublished\":\"2024-11-17T22:25:31+00:00\",\"dateModified\":\"2025-07-19T22:30:18+00:00\",\"breadcrumb\":{\"@id\":\"https:\/\/milike.uy\/#breadcrumb\"},\"inLanguage\":\"es\",\"potentialAction\":[{\"@type\":\"ReadAction\",\"target\":[\"https:\/\/milike.uy\/\"]}]},{\"@type\":\"BreadcrumbList\",\"@id\":\"https:\/\/milike.uy\/#breadcrumb\",\"itemListElement\":[{\"@type\":\"ListItem\",\"position\":1,\"name\":\"Portada\",\"item\":\"https:\/\/milike.uy\/\"},{\"@type\":\"ListItem\",\"position\":2,\"name\":\"HOME\"}]},{\"@type\":\"WebSite\",\"@id\":\"https:\/\/milike.uy\/#website\",\"url\":\"https:\/\/milike.uy\/\",\"name\":\"Mi LIKE\",\"description\":\"\",\"potentialAction\":[{\"@type\":\"SearchAction\",\"target\":{\"@type\":\"EntryPoint\",\"urlTemplate\":\"https:\/\/milike.uy\/?s={search_term_string}\"},\"query-input\":{\"@type\":\"PropertyValueSpecification\",\"valueRequired\":true,\"valueName\":\"search_term_string\"}}],\"inLanguage\":\"es\"}]}<\/script>\n<!-- \/ Yoast SEO plugin. -->","yoast_head_json":{"title":"HOME - Mi LIKE","robots":{"index":"index","follow":"follow","max-snippet":"max-snippet:-1","max-image-preview":"max-image-preview:large","max-video-preview":"max-video-preview:-1"},"canonical":"https:\/\/milike.uy\/","og_locale":"es_ES","og_type":"article","og_title":"HOME - Mi LIKE","og_description":"PAGAS CON EL M\u00c9TODO DE PAGO DE TU PREFERENCIA, RECIBIS EN CASA. VER ZONAS DE ENV\u00cdO.Ita\u00fa descuentos al finalizar el carrito.","og_url":"https:\/\/milike.uy\/","og_site_name":"Mi LIKE","article_modified_time":"2025-07-19T22:30:18+00:00","twitter_card":"summary_large_image","twitter_misc":{"Tiempo de lectura":"1 minuto"},"schema":{"@context":"https:\/\/schema.org","@graph":[{"@type":"WebPage","@id":"https:\/\/milike.uy\/","url":"https:\/\/milike.uy\/","name":"HOME - Mi LIKE","isPartOf":{"@id":"https:\/\/milike.uy\/#website"},"datePublished":"2024-11-17T22:25:31+00:00","dateModified":"2025-07-19T22:30:18+00:00","breadcrumb":{"@id":"https:\/\/milike.uy\/#breadcrumb"},"inLanguage":"es","potentialAction":[{"@type":"ReadAction","target":["https:\/\/milike.uy\/"]}]},{"@type":"BreadcrumbList","@id":"https:\/\/milike.uy\/#breadcrumb","itemListElement":[{"@type":"ListItem","position":1,"name":"Portada","item":"https:\/\/milike.uy\/"},{"@type":"ListItem","position":2,"name":"HOME"}]},{"@type":"WebSite","@id":"https:\/\/milike.uy\/#website","url":"https:\/\/milike.uy\/","name":"Mi LIKE","description":"","potentialAction":[{"@type":"SearchAction","target":{"@type":"EntryPoint","urlTemplate":"https:\/\/milike.uy\/?s={search_term_string}"},"query-input":{"@type":"PropertyValueSpecification","valueRequired":true,"valueName":"search_term_string"}}],"inLanguage":"es"}]}},"_links":{"self":[{"href":"https:\/\/milike.uy\/index.php\/wp-json\/wp\/v2\/pages\/202","targetHints":{"allow":["GET"]}}],"collection":[{"href":"https:\/\/milike.uy\/index.php\/wp-json\/wp\/v2\/pages"}],"about":[{"href":"https:\/\/milike.uy\/index.php\/wp-json\/wp\/v2\/types\/page"}],"author":[{"embeddable":true,"href":"https:\/\/milike.uy\/index.php\/wp-json\/wp\/v2\/users\/1"}],"replies":[{"embeddable":true,"href":"https:\/\/milike.uy\/index.php\/wp-json\/wp\/v2\/comments?post=202"}],"version-history":[{"count":24,"href":"https:\/\/milike.uy\/index.php\/wp-json\/wp\/v2\/pages\/202\/revisions"}],"predecessor-version":[{"id":8119,"href":"https:\/\/milike.uy\/index.php\/wp-json\/wp\/v2\/pages\/202\/revisions\/8119"}],"wp:attachment":[{"href":"https:\/\/milike.uy\/index.php\/wp-json\/wp\/v2\/media?parent=202"}],"curies":[{"name":"wp","href":"https:\/\/api.w.org\/{rel}","templated":true}]}}